{"id":1998,"date":"2022-06-17T14:19:09","date_gmt":"2022-06-17T12:19:09","guid":{"rendered":"https:\/\/auvieuxsaintmartin.be\/?page_id=1998"},"modified":"2025-02-03T12:46:45","modified_gmt":"2025-02-03T11:46:45","slug":"contactez-nous","status":"publish","type":"page","link":"https:\/\/auvieuxsaintmartin.be\/fr\/contactez-nous\/","title":{"rendered":"Contactez-nous"},"content":{"rendered":"\t\t<div data-elementor-type=\"wp-page\" data-elementor-id=\"1998\" class=\"elementor elementor-1998\" data-elementor-post-type=\"page\">\n\t\t\t\t\t\t<section class=\"elementor-section elementor-top-section elementor-element elementor-element-a1fe8e8 elementor-section-full_width elementor-section-height-default elementor-section-height-default\" data-id=\"a1fe8e8\" data-element_type=\"section\">\n\t\t\t\t\t\t<div class=\"elementor-container elementor-column-gap-default\">\n\t\t\t\t\t<div class=\"elementor-column elementor-col-100 elementor-top-column elementor-element elementor-element-7c74ae1\" data-id=\"7c74ae1\" data-element_type=\"column\">\n\t\t\t<div class=\"elementor-widget-wrap elementor-element-populated\">\n\t\t\t\t\t\t<div class=\"elementor-element elementor-element-4ce17b2 elementor--h-position-center elementor--v-position-middle elementor-widget elementor-widget-slides\" data-id=\"4ce17b2\" data-element_type=\"widget\" data-settings=\"{&quot;navigation&quot;:&quot;none&quot;,&quot;transition&quot;:&quot;slide&quot;,&quot;transition_speed&quot;:500}\" data-widget_type=\"slides.default\">\n\t\t\t\t<div class=\"elementor-widget-container\">\n\t\t\t\t\t\t\t\t\t<div class=\"elementor-swiper\">\n\t\t\t\t\t<div class=\"elementor-slides-wrapper elementor-main-swiper swiper\" role=\"region\" aria-roledescription=\"carousel\" aria-label=\"Diapositives\" dir=\"ltr\" data-animation=\"\">\n\t\t\t\t<div class=\"swiper-wrapper elementor-slides\">\n\t\t\t\t\t\t\t\t\t\t<div class=\"elementor-repeater-item-5b43526 swiper-slide\" role=\"group\" aria-roledescription=\"slide\"><div class=\"swiper-slide-bg\" role=\"img\" aria-label=\"VSM_02\"><\/div><div class=\"elementor-background-overlay\"><\/div><div class=\"swiper-slide-inner\" ><div class=\"swiper-slide-contents\"><div class=\"elementor-slide-heading\">Contactez-nous<\/div><\/div><\/div><\/div>\t\t\t\t<\/div>\n\t\t\t\t\t\t\t<\/div>\n\t\t\t\t<\/div>\n\t\t\t\t\t\t\t\t<\/div>\n\t\t\t\t<\/div>\n\t\t\t\t\t<\/div>\n\t\t<\/div>\n\t\t\t\t\t<\/div>\n\t\t<\/section>\n\t\t\t\t<section class=\"elementor-section elementor-top-section elementor-element elementor-element-30c6fe7 elementor-section-full_width elementor-section-height-default elementor-section-height-default\" data-id=\"30c6fe7\" data-element_type=\"section\">\n\t\t\t\t\t\t<div class=\"elementor-container elementor-column-gap-default\">\n\t\t\t\t\t<div class=\"elementor-column elementor-col-100 elementor-top-column elementor-element elementor-element-4a36789\" data-id=\"4a36789\" data-element_type=\"column\">\n\t\t\t<div class=\"elementor-widget-wrap elementor-element-populated\">\n\t\t\t\t\t\t<div class=\"elementor-element elementor-element-e77fa02 elementor-widget elementor-widget-google_maps\" data-id=\"e77fa02\" data-element_type=\"widget\" data-widget_type=\"google_maps.default\">\n\t\t\t\t<div class=\"elementor-widget-container\">\n\t\t\t\t\t\t\t<div class=\"elementor-custom-embed\">\n\t\t\t<iframe loading=\"lazy\"\n\t\t\t\t\tsrc=\"https:\/\/maps.google.com\/maps?q=au%20vieux%20saint%20martin&#038;t=m&#038;z=16&#038;output=embed&#038;iwloc=near\"\n\t\t\t\t\ttitle=\"au vieux saint martin\"\n\t\t\t\t\taria-label=\"au vieux saint martin\"\n\t\t\t><\/iframe>\n\t\t<\/div>\n\t\t\t\t\t\t<\/div>\n\t\t\t\t<\/div>\n\t\t\t\t\t<\/div>\n\t\t<\/div>\n\t\t\t\t\t<\/div>\n\t\t<\/section>\n\t\t\t\t<section class=\"elementor-section elementor-top-section elementor-element elementor-element-e4a2c84 elementor-section-boxed elementor-section-height-default elementor-section-height-default\" data-id=\"e4a2c84\" data-element_type=\"section\">\n\t\t\t\t\t\t<div class=\"elementor-container elementor-column-gap-default\">\n\t\t\t\t\t<div class=\"elementor-column elementor-col-50 elementor-top-column elementor-element elementor-element-a816369\" data-id=\"a816369\" data-element_type=\"column\">\n\t\t\t<div class=\"elementor-widget-wrap elementor-element-populated\">\n\t\t\t\t\t\t<div class=\"elementor-element elementor-element-fd0cee2 elementor-align-start elementor-widget__width-auto elementor-icon-list--layout-traditional elementor-list-item-link-full_width elementor-widget elementor-widget-icon-list\" data-id=\"fd0cee2\" data-element_type=\"widget\" data-widget_type=\"icon-list.default\">\n\t\t\t\t<div class=\"elementor-widget-container\">\n\t\t\t\t\t\t\t<ul class=\"elementor-icon-list-items\">\n\t\t\t\t\t\t\t<li class=\"elementor-icon-list-item\">\n\t\t\t\t\t\t\t\t\t\t\t<a href=\"https:\/\/goo.gl\/maps\/qtWGBjNnmbv8sTtYA\" target=\"_blank\">\n\n\t\t\t\t\t\t\t\t\t\t\t\t<span class=\"elementor-icon-list-icon\">\n\t\t\t\t\t\t\t<i aria-hidden=\"true\" class=\"icomoon icomoon-location_pin\"><\/i>\t\t\t\t\t\t<\/span>\n\t\t\t\t\t\t\t\t\t\t<span class=\"elementor-icon-list-text\">Place du Grand Sablon 38<br>1000 Bruxelles<\/span>\n\t\t\t\t\t\t\t\t\t\t\t<\/a>\n\t\t\t\t\t\t\t\t\t<\/li>\n\t\t\t\t\t\t\t\t<li class=\"elementor-icon-list-item\">\n\t\t\t\t\t\t\t\t\t\t\t<span class=\"elementor-icon-list-icon\">\n\t\t\t\t\t\t\t<i aria-hidden=\"true\" class=\"far fa-clock\"><\/i>\t\t\t\t\t\t<\/span>\n\t\t\t\t\t\t\t\t\t\t<span class=\"elementor-icon-list-text\">Ouvert tous les jours de 10h \u00e0 23h30<br>Cuisine non stop de midi \u00e0 23h<br>Derni\u00e8re commande \u00e0 23h<\/span>\n\t\t\t\t\t\t\t\t\t<\/li>\n\t\t\t\t\t\t\t\t<li class=\"elementor-icon-list-item\">\n\t\t\t\t\t\t\t\t\t\t\t<a href=\"mailto:info@auvieuxsaintmartin.be\">\n\n\t\t\t\t\t\t\t\t\t\t\t\t<span class=\"elementor-icon-list-icon\">\n\t\t\t\t\t\t\t<i aria-hidden=\"true\" class=\"icomoon icomoon-email\"><\/i>\t\t\t\t\t\t<\/span>\n\t\t\t\t\t\t\t\t\t\t<span class=\"elementor-icon-list-text\">info@auvieuxsaintmartin.be<\/span>\n\t\t\t\t\t\t\t\t\t\t\t<\/a>\n\t\t\t\t\t\t\t\t\t<\/li>\n\t\t\t\t\t\t\t\t<li class=\"elementor-icon-list-item\">\n\t\t\t\t\t\t\t\t\t\t\t<a href=\"tel:+32%20(0)2%20512%2064%2076\">\n\n\t\t\t\t\t\t\t\t\t\t\t\t<span class=\"elementor-icon-list-icon\">\n\t\t\t\t\t\t\t<i aria-hidden=\"true\" class=\"icomoon icomoon-phone\"><\/i>\t\t\t\t\t\t<\/span>\n\t\t\t\t\t\t\t\t\t\t<span class=\"elementor-icon-list-text\">+32 (0)2 512 64 76<\/span>\n\t\t\t\t\t\t\t\t\t\t\t<\/a>\n\t\t\t\t\t\t\t\t\t<\/li>\n\t\t\t\t\t\t\t\t<li class=\"elementor-icon-list-item\">\n\t\t\t\t\t\t\t\t\t\t\t<span class=\"elementor-icon-list-icon\">\n\t\t\t\t\t\t\t<i aria-hidden=\"true\" class=\"icomoon icomoon-room_service\"><\/i>\t\t\t\t\t\t<\/span>\n\t\t\t\t\t\t\t\t\t\t<span class=\"elementor-icon-list-text\">Directeurs de salle: Fabrice Somma &amp; Mme Marine Nieuland<\/span>\n\t\t\t\t\t\t\t\t\t<\/li>\n\t\t\t\t\t\t\t\t<li class=\"elementor-icon-list-item\">\n\t\t\t\t\t\t\t\t\t\t\t<span class=\"elementor-icon-list-icon\">\n\t\t\t\t\t\t\t<i aria-hidden=\"true\" class=\"icomoon icomoon-local_restaurant\"><\/i>\t\t\t\t\t\t<\/span>\n\t\t\t\t\t\t\t\t\t\t<span class=\"elementor-icon-list-text\">Chef de cuisine: M. Thierry Strauven<\/span>\n\t\t\t\t\t\t\t\t\t<\/li>\n\t\t\t\t\t\t\t\t<li class=\"elementor-icon-list-item\">\n\t\t\t\t\t\t\t\t\t\t\t<span class=\"elementor-icon-list-icon\">\n\t\t\t\t\t\t\t<i aria-hidden=\"true\" class=\"icomoon icomoon-credit_card\"><\/i>\t\t\t\t\t\t<\/span>\n\t\t\t\t\t\t\t\t\t\t<span class=\"elementor-icon-list-text\">IBAN BE29 0015 1021 8864<br>BIC GEBABEBB<\/span>\n\t\t\t\t\t\t\t\t\t<\/li>\n\t\t\t\t\t\t<\/ul>\n\t\t\t\t\t\t<\/div>\n\t\t\t\t<\/div>\n\t\t\t\t\t<\/div>\n\t\t<\/div>\n\t\t\t\t<div class=\"elementor-column elementor-col-50 elementor-top-column elementor-element elementor-element-4d210bc\" data-id=\"4d210bc\" data-element_type=\"column\">\n\t\t\t<div class=\"elementor-widget-wrap elementor-element-populated\">\n\t\t\t\t\t\t<section class=\"elementor-section elementor-inner-section elementor-element elementor-element-d317b81 elementor-section-boxed elementor-section-height-default elementor-section-height-default\" data-id=\"d317b81\" data-element_type=\"section\" data-settings=\"{&quot;background_background&quot;:&quot;classic&quot;}\">\n\t\t\t\t\t\t<div class=\"elementor-container elementor-column-gap-default\">\n\t\t\t\t\t<div class=\"elementor-column elementor-col-100 elementor-inner-column elementor-element elementor-element-18d3080\" data-id=\"18d3080\" data-element_type=\"column\">\n\t\t\t<div class=\"elementor-widget-wrap elementor-element-populated\">\n\t\t\t\t\t\t<div class=\"elementor-element elementor-element-456c335 elementor-widget elementor-widget-text-editor\" data-id=\"456c335\" data-element_type=\"widget\" data-widget_type=\"text-editor.default\">\n\t\t\t\t<div class=\"elementor-widget-container\">\n\t\t\t\t\t\t\t\t\t<p>Chers clients, Nous tenons \u00e0 vous informer que notre salle de restaurant fonctionne <strong>sans r\u00e9servation<\/strong>. Vous \u00eates les bienvenus \u00e0 tout moment sans avoir besoin de nous envoyer un email au pr\u00e9alable. Au plaisir de vous accueillir bient\u00f4t ! L&rsquo;\u00e9quipe du restaurant.<\/p>\t\t\t\t\t\t\t\t<\/div>\n\t\t\t\t<\/div>\n\t\t\t\t\t<\/div>\n\t\t<\/div>\n\t\t\t\t\t<\/div>\n\t\t<\/section>\n\t\t\t\t<div class=\"elementor-element elementor-element-89df8a7 elementor-button-align-end elementor-widget elementor-widget-form\" data-id=\"89df8a7\" data-element_type=\"widget\" data-settings=\"{&quot;button_width&quot;:&quot;50&quot;,&quot;step_next_label&quot;:&quot;Next&quot;,&quot;step_previous_label&quot;:&quot;Previous&quot;,&quot;step_type&quot;:&quot;number_text&quot;,&quot;step_icon_shape&quot;:&quot;circle&quot;}\" data-widget_type=\"form.default\">\n\t\t\t\t<div class=\"elementor-widget-container\">\n\t\t\t\t\t\t\t<form class=\"elementor-form\" method=\"post\" name=\"Contact\" aria-label=\"Contact\">\n\t\t\t<input type=\"hidden\" name=\"post_id\" value=\"1998\"\/>\n\t\t\t<input type=\"hidden\" name=\"form_id\" value=\"89df8a7\"\/>\n\t\t\t<input type=\"hidden\" name=\"referer_title\" value=\"Contactez-nous - Au Vieux Saint Martin\" \/>\n\n\t\t\t\t\t\t\t<input type=\"hidden\" name=\"queried_id\" value=\"1998\"\/>\n\t\t\t\n\t\t\t<div class=\"elementor-form-fields-wrapper elementor-labels-above\">\n\t\t\t\t\t\t\t\t<div class=\"elementor-field-type-text elementor-field-group elementor-column elementor-field-group-name elementor-col-100 elementor-field-required elementor-mark-required\">\n\t\t\t\t\t\t\t\t\t\t\t\t<label for=\"form-field-name\" class=\"elementor-field-label\">\n\t\t\t\t\t\t\t\tPr\u00e9nom + Nom\t\t\t\t\t\t\t<\/label>\n\t\t\t\t\t\t\t\t\t\t\t\t\t\t<input size=\"1\" type=\"text\" name=\"form_fields[name]\" id=\"form-field-name\" class=\"elementor-field elementor-size-lg  elementor-field-textual\" required=\"required\">\n\t\t\t\t\t\t\t\t\t\t\t<\/div>\n\t\t\t\t\t\t\t\t<div class=\"elementor-field-type-tel elementor-field-group elementor-column elementor-field-group-phone elementor-col-100 elementor-field-required elementor-mark-required\">\n\t\t\t\t\t\t\t\t\t\t\t\t<label for=\"form-field-phone\" class=\"elementor-field-label\">\n\t\t\t\t\t\t\t\tT\u00e9l\u00e9phone\t\t\t\t\t\t\t<\/label>\n\t\t\t\t\t\t\t\t<input size=\"1\" type=\"tel\" name=\"form_fields[phone]\" id=\"form-field-phone\" class=\"elementor-field elementor-size-lg  elementor-field-textual\" required=\"required\" pattern=\"[0-9()#&amp;+*-=.]+\" title=\"Seuls les caract\u00e8res de num\u00e9ros de t\u00e9l\u00e9phone (#, -, *, etc.) sont accept\u00e9s.\">\n\n\t\t\t\t\t\t<\/div>\n\t\t\t\t\t\t\t\t<div class=\"elementor-field-type-email elementor-field-group elementor-column elementor-field-group-email elementor-col-100 elementor-field-required elementor-mark-required\">\n\t\t\t\t\t\t\t\t\t\t\t\t<label for=\"form-field-email\" class=\"elementor-field-label\">\n\t\t\t\t\t\t\t\tEmail\t\t\t\t\t\t\t<\/label>\n\t\t\t\t\t\t\t\t\t\t\t\t\t\t<input size=\"1\" type=\"email\" name=\"form_fields[email]\" id=\"form-field-email\" class=\"elementor-field elementor-size-lg  elementor-field-textual\" required=\"required\">\n\t\t\t\t\t\t\t\t\t\t\t<\/div>\n\t\t\t\t\t\t\t\t<div class=\"elementor-field-type-textarea elementor-field-group elementor-column elementor-field-group-message elementor-col-100 elementor-field-required elementor-mark-required\">\n\t\t\t\t\t\t\t\t\t\t\t\t<label for=\"form-field-message\" class=\"elementor-field-label\">\n\t\t\t\t\t\t\t\tMessage\t\t\t\t\t\t\t<\/label>\n\t\t\t\t\t\t<textarea class=\"elementor-field-textual elementor-field  elementor-size-lg\" name=\"form_fields[message]\" id=\"form-field-message\" rows=\"4\" required=\"required\"><\/textarea>\t\t\t\t<\/div>\n\t\t\t\t\t\t\t\t<div class=\"elementor-field-type-recaptcha_v3 elementor-field-group elementor-column elementor-field-group-field_4b6a432 elementor-col-100 recaptcha_v3-inline\">\n\t\t\t\t\t<div class=\"elementor-field\" id=\"form-field-field_4b6a432\"><div class=\"elementor-g-recaptcha\" data-sitekey=\"6LeXNlAfAAAAACxzoqrIPRGKfoep-V3z8NSOWeSc\" data-type=\"v3\" data-action=\"Form\" data-badge=\"inline\" data-size=\"invisible\"><\/div><\/div>\t\t\t\t<\/div>\n\t\t\t\t\t\t\t\t<div class=\"elementor-field-type-acceptance elementor-field-group elementor-column elementor-field-group-field_94ff9ac elementor-col-50 elementor-field-required elementor-mark-required\">\n\t\t\t\t\t\t\t<div class=\"elementor-field-subgroup\">\n\t\t\t<span class=\"elementor-field-option\">\n\t\t\t\t<input type=\"checkbox\" name=\"form_fields[field_94ff9ac]\" id=\"form-field-field_94ff9ac\" class=\"elementor-field elementor-size-lg  elementor-acceptance-field\" required=\"required\">\n\t\t\t\t<label for=\"form-field-field_94ff9ac\">J\u2019ai lu et j\u2019accepte la <a href=\"\/fr\/politique-de-confidentialite\/\" style=\"text-decoration:underline;color:var( --e-global-color-secondary);\">politique de confidentialit\u00e9<\/a><\/label>\t\t\t<\/span>\n\t\t<\/div>\n\t\t\t\t\t\t<\/div>\n\t\t\t\t\t\t\t\t<div class=\"elementor-field-group elementor-column elementor-field-type-submit elementor-col-50 e-form__buttons\">\n\t\t\t\t\t<button class=\"elementor-button elementor-size-sm\" type=\"submit\">\n\t\t\t\t\t\t<span class=\"elementor-button-content-wrapper\">\n\t\t\t\t\t\t\t\t\t\t\t\t\t\t\t<span class=\"elementor-button-icon\">\n\t\t\t\t\t\t\t\t\t<i aria-hidden=\"true\" class=\"icomoon icomoon-send\"><\/i>\t\t\t\t\t\t\t\t\t\t\t\t\t\t\t\t\t<\/span>\n\t\t\t\t\t\t\t\t\t\t\t\t\t\t\t\t\t\t\t\t\t\t<span class=\"elementor-button-text\">Envoyer<\/span>\n\t\t\t\t\t\t\t\t\t\t\t\t\t<\/span>\n\t\t\t\t\t<\/button>\n\t\t\t\t<\/div>\n\t\t\t<\/div>\n\t\t<\/form>\n\t\t\t\t\t\t<\/div>\n\t\t\t\t<\/div>\n\t\t\t\t\t<\/div>\n\t\t<\/div>\n\t\t\t\t\t<\/div>\n\t\t<\/section>\n\t\t\t\t<\/div>\n\t\t","protected":false},"excerpt":{"rendered":"<p>Contactez-nous Place du Grand Sablon 381000 Bruxelles Ouvert tous les jours de 10h \u00e0 23h30Cuisine non stop de midi \u00e0 23hDerni\u00e8re commande \u00e0 23h info@auvieuxsaintmartin.be +32 (0)2 512 64 76 Directeurs de salle: Fabrice Somma &#038; Mme Marine Nieuland Chef de cuisine: M. Thierry Strauven IBAN BE29 0015 1021 8864BIC GEBABEBB Chers clients, Nous tenons [&hellip;]<\/p>\n","protected":false},"author":5,"featured_media":0,"parent":0,"menu_order":0,"comment_status":"closed","ping_status":"closed","template":"","meta":{"footnotes":""},"class_list":["post-1998","page","type-page","status-publish","hentry"],"yoast_head":"<!-- This site is optimized with the Yoast SEO plugin v26.6 - https:\/\/yoast.com\/wordpress\/plugins\/seo\/ -->\n<title>Contactez-nous - Au Vieux Saint Martin<\/title>\n<meta name=\"robots\" content=\"index, follow, max-snippet:-1, max-image-preview:large, max-video-preview:-1\" \/>\n<link rel=\"canonical\" href=\"https:\/\/auvieuxsaintmartin.be\/fr\/contactez-nous\/\" \/>\n<meta property=\"og:locale\" content=\"fr_FR\" \/>\n<meta property=\"og:type\" content=\"article\" \/>\n<meta property=\"og:title\" content=\"Contactez-nous - Au Vieux Saint Martin\" \/>\n<meta property=\"og:description\" content=\"Contactez-nous Place du Grand Sablon 381000 Bruxelles Ouvert tous les jours de 10h \u00e0 23h30Cuisine non stop de midi \u00e0 23hDerni\u00e8re commande \u00e0 23h info@auvieuxsaintmartin.be +32 (0)2 512 64 76 Directeurs de salle: Fabrice Somma &#038; Mme Marine Nieuland Chef de cuisine: M. Thierry Strauven IBAN BE29 0015 1021 8864BIC GEBABEBB Chers clients, Nous tenons [&hellip;]\" \/>\n<meta property=\"og:url\" content=\"https:\/\/auvieuxsaintmartin.be\/fr\/contactez-nous\/\" \/>\n<meta property=\"og:site_name\" content=\"Au Vieux Saint Martin\" \/>\n<meta property=\"article:publisher\" content=\"https:\/\/www.facebook.com\/auvieuxsaintmartin\" \/>\n<meta property=\"article:modified_time\" content=\"2025-02-03T11:46:45+00:00\" \/>\n<meta name=\"twitter:card\" content=\"summary_large_image\" \/>\n<meta name=\"twitter:label1\" content=\"Dur\u00e9e de lecture estim\u00e9e\" \/>\n\t<meta name=\"twitter:data1\" content=\"1 minute\" \/>\n<script type=\"application\/ld+json\" class=\"yoast-schema-graph\">{\"@context\":\"https:\/\/schema.org\",\"@graph\":[{\"@type\":\"WebPage\",\"@id\":\"https:\/\/auvieuxsaintmartin.be\/fr\/contactez-nous\/\",\"url\":\"https:\/\/auvieuxsaintmartin.be\/fr\/contactez-nous\/\",\"name\":\"Contactez-nous - Au Vieux Saint Martin\",\"isPartOf\":{\"@id\":\"https:\/\/auvieuxsaintmartin.be\/fr\/#website\"},\"datePublished\":\"2022-06-17T12:19:09+00:00\",\"dateModified\":\"2025-02-03T11:46:45+00:00\",\"breadcrumb\":{\"@id\":\"https:\/\/auvieuxsaintmartin.be\/fr\/contactez-nous\/#breadcrumb\"},\"inLanguage\":\"fr-FR\",\"potentialAction\":[{\"@type\":\"ReadAction\",\"target\":[\"https:\/\/auvieuxsaintmartin.be\/fr\/contactez-nous\/\"]}]},{\"@type\":\"BreadcrumbList\",\"@id\":\"https:\/\/auvieuxsaintmartin.be\/fr\/contactez-nous\/#breadcrumb\",\"itemListElement\":[{\"@type\":\"ListItem\",\"position\":1,\"name\":\"Home\",\"item\":\"https:\/\/auvieuxsaintmartin.be\/fr\/\"},{\"@type\":\"ListItem\",\"position\":2,\"name\":\"Contactez-nous\"}]},{\"@type\":\"WebSite\",\"@id\":\"https:\/\/auvieuxsaintmartin.be\/fr\/#website\",\"url\":\"https:\/\/auvieuxsaintmartin.be\/fr\/\",\"name\":\"Au Vieux Saint Martin\",\"description\":\"\",\"publisher\":{\"@id\":\"https:\/\/auvieuxsaintmartin.be\/fr\/#organization\"},\"potentialAction\":[{\"@type\":\"SearchAction\",\"target\":{\"@type\":\"EntryPoint\",\"urlTemplate\":\"https:\/\/auvieuxsaintmartin.be\/fr\/?s={search_term_string}\"},\"query-input\":{\"@type\":\"PropertyValueSpecification\",\"valueRequired\":true,\"valueName\":\"search_term_string\"}}],\"inLanguage\":\"fr-FR\"},{\"@type\":\"Organization\",\"@id\":\"https:\/\/auvieuxsaintmartin.be\/fr\/#organization\",\"name\":\"Au Vieux Saint Martin\",\"url\":\"https:\/\/auvieuxsaintmartin.be\/fr\/\",\"logo\":{\"@type\":\"ImageObject\",\"inLanguage\":\"fr-FR\",\"@id\":\"https:\/\/auvieuxsaintmartin.be\/fr\/#\/schema\/logo\/image\/\",\"url\":\"https:\/\/auvieuxsaintmartin.be\/wp-content\/uploads\/2022\/08\/vsm-logo-full-black.png\",\"contentUrl\":\"https:\/\/auvieuxsaintmartin.be\/wp-content\/uploads\/2022\/08\/vsm-logo-full-black.png\",\"width\":1000,\"height\":199,\"caption\":\"Au Vieux Saint Martin\"},\"image\":{\"@id\":\"https:\/\/auvieuxsaintmartin.be\/fr\/#\/schema\/logo\/image\/\"},\"sameAs\":[\"https:\/\/www.facebook.com\/auvieuxsaintmartin\",\"https:\/\/www.instagram.com\/auvieuxsaintmartin\"]}]}<\/script>\n<!-- \/ Yoast SEO plugin. -->","yoast_head_json":{"title":"Contactez-nous - Au Vieux Saint Martin","robots":{"index":"index","follow":"follow","max-snippet":"max-snippet:-1","max-image-preview":"max-image-preview:large","max-video-preview":"max-video-preview:-1"},"canonical":"https:\/\/auvieuxsaintmartin.be\/fr\/contactez-nous\/","og_locale":"fr_FR","og_type":"article","og_title":"Contactez-nous - Au Vieux Saint Martin","og_description":"Contactez-nous Place du Grand Sablon 381000 Bruxelles Ouvert tous les jours de 10h \u00e0 23h30Cuisine non stop de midi \u00e0 23hDerni\u00e8re commande \u00e0 23h info@auvieuxsaintmartin.be +32 (0)2 512 64 76 Directeurs de salle: Fabrice Somma &#038; Mme Marine Nieuland Chef de cuisine: M. Thierry Strauven IBAN BE29 0015 1021 8864BIC GEBABEBB Chers clients, Nous tenons [&hellip;]","og_url":"https:\/\/auvieuxsaintmartin.be\/fr\/contactez-nous\/","og_site_name":"Au Vieux Saint Martin","article_publisher":"https:\/\/www.facebook.com\/auvieuxsaintmartin","article_modified_time":"2025-02-03T11:46:45+00:00","twitter_card":"summary_large_image","twitter_misc":{"Dur\u00e9e de lecture estim\u00e9e":"1 minute"},"schema":{"@context":"https:\/\/schema.org","@graph":[{"@type":"WebPage","@id":"https:\/\/auvieuxsaintmartin.be\/fr\/contactez-nous\/","url":"https:\/\/auvieuxsaintmartin.be\/fr\/contactez-nous\/","name":"Contactez-nous - Au Vieux Saint Martin","isPartOf":{"@id":"https:\/\/auvieuxsaintmartin.be\/fr\/#website"},"datePublished":"2022-06-17T12:19:09+00:00","dateModified":"2025-02-03T11:46:45+00:00","breadcrumb":{"@id":"https:\/\/auvieuxsaintmartin.be\/fr\/contactez-nous\/#breadcrumb"},"inLanguage":"fr-FR","potentialAction":[{"@type":"ReadAction","target":["https:\/\/auvieuxsaintmartin.be\/fr\/contactez-nous\/"]}]},{"@type":"BreadcrumbList","@id":"https:\/\/auvieuxsaintmartin.be\/fr\/contactez-nous\/#breadcrumb","itemListElement":[{"@type":"ListItem","position":1,"name":"Home","item":"https:\/\/auvieuxsaintmartin.be\/fr\/"},{"@type":"ListItem","position":2,"name":"Contactez-nous"}]},{"@type":"WebSite","@id":"https:\/\/auvieuxsaintmartin.be\/fr\/#website","url":"https:\/\/auvieuxsaintmartin.be\/fr\/","name":"Au Vieux Saint Martin","description":"","publisher":{"@id":"https:\/\/auvieuxsaintmartin.be\/fr\/#organization"},"potentialAction":[{"@type":"SearchAction","target":{"@type":"EntryPoint","urlTemplate":"https:\/\/auvieuxsaintmartin.be\/fr\/?s={search_term_string}"},"query-input":{"@type":"PropertyValueSpecification","valueRequired":true,"valueName":"search_term_string"}}],"inLanguage":"fr-FR"},{"@type":"Organization","@id":"https:\/\/auvieuxsaintmartin.be\/fr\/#organization","name":"Au Vieux Saint Martin","url":"https:\/\/auvieuxsaintmartin.be\/fr\/","logo":{"@type":"ImageObject","inLanguage":"fr-FR","@id":"https:\/\/auvieuxsaintmartin.be\/fr\/#\/schema\/logo\/image\/","url":"https:\/\/auvieuxsaintmartin.be\/wp-content\/uploads\/2022\/08\/vsm-logo-full-black.png","contentUrl":"https:\/\/auvieuxsaintmartin.be\/wp-content\/uploads\/2022\/08\/vsm-logo-full-black.png","width":1000,"height":199,"caption":"Au Vieux Saint Martin"},"image":{"@id":"https:\/\/auvieuxsaintmartin.be\/fr\/#\/schema\/logo\/image\/"},"sameAs":["https:\/\/www.facebook.com\/auvieuxsaintmartin","https:\/\/www.instagram.com\/auvieuxsaintmartin"]}]}},"_links":{"self":[{"href":"https:\/\/auvieuxsaintmartin.be\/fr\/wp-json\/wp\/v2\/pages\/1998","targetHints":{"allow":["GET"]}}],"collection":[{"href":"https:\/\/auvieuxsaintmartin.be\/fr\/wp-json\/wp\/v2\/pages"}],"about":[{"href":"https:\/\/auvieuxsaintmartin.be\/fr\/wp-json\/wp\/v2\/types\/page"}],"author":[{"embeddable":true,"href":"https:\/\/auvieuxsaintmartin.be\/fr\/wp-json\/wp\/v2\/users\/5"}],"replies":[{"embeddable":true,"href":"https:\/\/auvieuxsaintmartin.be\/fr\/wp-json\/wp\/v2\/comments?post=1998"}],"version-history":[{"count":77,"href":"https:\/\/auvieuxsaintmartin.be\/fr\/wp-json\/wp\/v2\/pages\/1998\/revisions"}],"predecessor-version":[{"id":4890,"href":"https:\/\/auvieuxsaintmartin.be\/fr\/wp-json\/wp\/v2\/pages\/1998\/revisions\/4890"}],"wp:attachment":[{"href":"https:\/\/auvieuxsaintmartin.be\/fr\/wp-json\/wp\/v2\/media?parent=1998"}],"curies":[{"name":"wp","href":"https:\/\/api.w.org\/{rel}","templated":true}]}}